{"id":2,"date":"2021-12-01T13:54:50","date_gmt":"2021-12-01T11:54:50","guid":{"rendered":"http:\/\/testiosoite7.com\/?page_id=2"},"modified":"2022-09-30T12:18:26","modified_gmt":"2022-09-30T09:18:26","slug":"esimerkkisivu","status":"publish","type":"page","link":"https:\/\/ainaennenkin.fi\/","title":{"rendered":"Etusivu"},"content":{"rendered":"\n<figure class=\"wp-block-image size-full\"><img loading=\"lazy\" decoding=\"async\" width=\"640\" height=\"481\" src=\"http:\/\/ainaennenkin.fi\/wp-content\/uploads\/2022\/09\/Urheiluhullut.jpg\" alt=\"\" class=\"wp-image-100\" srcset=\"https:\/\/ainaennenkin.fi\/wp-content\/uploads\/2022\/09\/Urheiluhullut.jpg 640w, https:\/\/ainaennenkin.fi\/wp-content\/uploads\/2022\/09\/Urheiluhullut-300x225.jpg 300w\" sizes=\"auto, (max-width: 640px) 100vw, 640px\" \/><\/figure>\n\n\n\n<p>Olen 48-vuotias kolmen tytt\u00e4ren is\u00e4 ja yhden vaimon aviomies.<\/p>\n\n\n\n<p>Ty\u00f6kseni olen vuodesta 1994 toiminut liikunta-alalla. Koripalloseuroissa olen ollut toiminnanjohtajan, valmennusp\u00e4\u00e4llik\u00f6n ja urheilusihteerin teht\u00e4viss\u00e4 (Helsingin NMKY ja Karhun Pojat) yhteens\u00e4 15 vuotta.<\/p>\n\n\n\n<p>Seurakoulutuksia olen vet\u00e4nyt useammalle lajiliitolle, muun muassa Koripallo- ja Judoliitolle sek\u00e4 ollut esiintym\u00e4ss\u00e4 Taitoluisteluliiton seuraparlamentissa (http:\/\/ainaennenkin.fi\/taitoluisteluliiton-seuraparlamentin-opit-seurajohtamiseen\/).<\/p>\n\n\n\n<p>Seurak\u00e4yntej\u00e4 olen tehnyt koripallon lis\u00e4ksi muun muassa jalkapallo-, cheerleading, voimistelu- ja uintiseuroissa.<\/p>\n\n\n\n<p>Lis\u00e4ksi toiminut kouluttajana Liikunnan ammattitutkinnon seurajohtamisen opintokokonaisuudessa. Aikoinaan olin my\u00f6s Koripalloliitossa OTO-pohjaisena maajoukkuevalmentajana ja valmentajakouluttajana.<\/p>\n\n\n\n<p>Koulutukseltani olen tuotekehitt\u00e4j\u00e4, suorittanut liikunnan ammattitutkinnon seurajohtamisesta ja lastenliikunnan ammatilliset erikoistumisopinnot valmentajatutkintojen lis\u00e4ksi.<\/p>\n\n\n\n<p>Aikoinaan huippuryhmi\u00e4 valmentaessani n\u00e4ist\u00e4 ryhmist\u00e4 nousi aikuisten maajoukkueeseen asti viisi pelaajaa ja juniorisarjoissa voitimme nelj\u00e4 suomenmestaruutta.<\/p>\n\n\n\n<p>Teen t\u00e4ll\u00e4 hetkell\u00e4 erilaisia palveluiden tuotteistamiseen liittyvi\u00e4 projekteja p\u00e4\u00e4asiassa liikunta-alalla sek\u00e4 valmennan koripallon juniorijoukkueita ja kuntokorista aikuisille Helmi Basket Ry:ss\u00e4.<\/p>\n\n\n\n<p>Lis\u00e4ksi olen seurannut alaa my\u00f6s urheiluseuran (http:\/\/urheiluseurahiidet.com\/) puheenjohtajan n\u00e4k\u00f6kulmasta muutaman vuoden sek\u00e4 lastenliikuntapalvelujen asiakkaana.<\/p>\n\n\n\n<p>Vuosina 2015-2016 olin mukana asiantuntijaj\u00e4senen\u00e4 ministeri Sanni Grahn-Laasosen asettamassa ty\u00f6ryhm\u00e4ss\u00e4 (http:\/\/yle.fi\/urheilu\/tyoryhma_selvittamaan_liikunnan_harrastamisen_kustannuksia\/8417439) urheiluseuraharrastamisen kustannuksista.<\/p>\n\n\n\n<p>Mikko M\u00e4ntyl\u00e4 seurakehitt\u00e4j\u00e4 Aina Ennenkin<\/p>\n\n\n\n<p>Kuva YLE:n puoliyhdeks\u00e4n uutisten haastattelusta lasten liikunnan kustannuksista. Haastattelun tekstiversion l\u00f6yd\u00e4t t\u00e4\u00e4lt\u00e4 (https:\/\/yle.fi\/urheilu\/3-9615066).<\/p>\n\n\n\n<p>Huomenta Suomi 29.4.2014<\/p>\n\n\n\n<p>Kuva MTV:n Huomenta Suomen l\u00e4hetyksess\u00e4 29.4.2014, jossa olin VALO:n Eija Alajan kanssa keskustelemassa lasten liikunnan kohonneista kustannuksista.<\/p>\n\n\n\n<p>Ylen Urheiluhullut ohjelmassa keskustelemassa Henrik Dettmannin ja Jussi Paasin kanssa 30.8.2021 muun muassa Liikuntapommista ja koronan vaikutuksista urheiluseuratoimintaan.<\/p>\n\n\n\n<p>Linkki 37 minuutin tallenteeseen l\u00e4hetyksest\u00e4 t\u00e4\u00e4ll\u00e4 (https:\/\/areena.yle.fi\/audio\/1-50898468).<\/p>\n\n\n\n<p>Tarjoan t\u00e4ll\u00e4 hetkell\u00e4 urheiluseuroille muun muassa seuraavia palveluja:<\/p>\n\n\n\n<p>Seurakehitysilta seuran luona valitusta aiheesta, kuten vaikka pelaaja- tai valmentajahankinnan tehostaminen.<br>Puhelinkonsultoinnit akuuteissa seuran haasteissa, joihin ei muita kanavia pitkin tunnu l\u00f6ytyv\u00e4n apua.<br>Urheiluseurojen et\u00e4n\u00e4 vedetyt strategiaprosessit<br>Seurajohtajien henkil\u00f6kohtaiset sparraukset.<br>Lajiliitoille ja liikuntaj\u00e4rjest\u00f6ille:<\/p>\n\n\n\n<p>Webinaarit muun muassa j\u00e4senhankinnan tehostamiseen seuroissa.<br>Jos kiinnostuit yll\u00e4 olevista palveluista ja haluat tiet\u00e4\u00e4 lis\u00e4\u00e4, niin ole yhteydess\u00e4 mikko.mantyla(at)icloud.com tai 045 312 6644.<\/p>\n\n\n\n<p>Lis\u00e4tietoja LinkedIn-profiilistani fi.linkedin.com\/in\/mantylamikko\/ (http:\/\/fi.linkedin.com\/in\/mantylamikko\/)<\/p>\n\n\n\n<p><\/p>\n","protected":false},"excerpt":{"rendered":"<p>Olen 48-vuotias kolmen tytt\u00e4ren is\u00e4 ja yhden vaimon aviomies. Ty\u00f6kseni olen vuodesta 1994 toiminut liikunta-alalla. Koripalloseuroissa olen ollut toiminnanjohtajan, valmennusp\u00e4\u00e4llik\u00f6n ja urheilusihteerin teht\u00e4viss\u00e4 (Helsingin NMKY ja Karhun Pojat) yhteens\u00e4 15 vuotta. Seurakoulutuksia olen vet\u00e4nyt useammalle lajiliitolle, muun muassa Koripallo- ja Judoliitolle sek\u00e4 ollut esiintym\u00e4ss\u00e4 Taitoluisteluliiton seuraparlamentissa (http:\/\/ainaennenkin.fi\/taitoluisteluliiton-seuraparlamentin-opit-seurajohtamiseen\/). Seurak\u00e4yntej\u00e4 olen tehnyt koripallon lis\u00e4ksi muun muassa jalkapallo-,&hellip; <a class=\"more-link\" href=\"https:\/\/ainaennenkin.fi\/\">Jatka lukemista <span class=\"screen-reader-text\">Etusivu<\/span><\/a><\/p>\n","protected":false},"author":1,"featured_media":0,"parent":0,"menu_order":0,"comment_status":"closed","ping_status":"open","template":"","meta":{"footnotes":""},"class_list":["post-2","page","type-page","status-publish","hentry","entry"],"_links":{"self":[{"href":"https:\/\/ainaennenkin.fi\/index.php?rest_route=\/wp\/v2\/pages\/2","targetHints":{"allow":["GET"]}}],"collection":[{"href":"https:\/\/ainaennenkin.fi\/index.php?rest_route=\/wp\/v2\/pages"}],"about":[{"href":"https:\/\/ainaennenkin.fi\/index.php?rest_route=\/wp\/v2\/types\/page"}],"author":[{"embeddable":true,"href":"https:\/\/ainaennenkin.fi\/index.php?rest_route=\/wp\/v2\/users\/1"}],"replies":[{"embeddable":true,"href":"https:\/\/ainaennenkin.fi\/index.php?rest_route=%2Fwp%2Fv2%2Fcomments&post=2"}],"version-history":[{"count":4,"href":"https:\/\/ainaennenkin.fi\/index.php?rest_route=\/wp\/v2\/pages\/2\/revisions"}],"predecessor-version":[{"id":102,"href":"https:\/\/ainaennenkin.fi\/index.php?rest_route=\/wp\/v2\/pages\/2\/revisions\/102"}],"wp:attachment":[{"href":"https:\/\/ainaennenkin.fi\/index.php?rest_route=%2Fwp%2Fv2%2Fmedia&parent=2"}],"curies":[{"name":"wp","href":"https:\/\/api.w.org\/{rel}","templated":true}]}}